{"id":325,"date":"2014-01-17T15:16:18","date_gmt":"2014-01-17T15:16:18","guid":{"rendered":"http:\/\/themetrust.com\/demos\/port\/?page_id=7"},"modified":"2021-10-19T10:52:01","modified_gmt":"2021-10-19T08:52:01","slug":"home","status":"publish","type":"page","link":"http:\/\/www.photo-somelet.fr\/photobooth\/","title":{"rendered":"3 formules"},"content":{"rendered":"\n<h1 class=\"has-text-align-center wp-block-heading\"><strong>Photobooth : Mini, Basic ou Premium.<\/strong><\/h1>\n\n\n\n<h2 class=\"has-text-align-center wp-block-heading\"><strong>3 formules au choix.<\/strong><\/h2>\n\n\n\n<h4 class=\"p1 wp-block-heading\"><span class=\"s1\">Mise \u00e0 disposition de&nbsp;Photo Booth pour mariages, entreprises, anniversaires, animation, bals de fin d&rsquo;ann\u00e9e, f\u00eates, \u00e9coles et bien d&rsquo;autres pr\u00e9textes encore !<\/span><\/h4>\n\n\n\n<div class=\"wp-block-group\"><div class=\"wp-block-group__inner-container is-layout-flow wp-block-group-is-layout-flow\">\n<div class=\"wp-block-columns is-layout-flex wp-container-core-columns-is-layout-9d6595d7 wp-block-columns-is-layout-flex\">\n<div class=\"wp-block-column is-layout-flow wp-block-column-is-layout-flow\" style=\"flex-basis:100%\">\n<div class=\"wp-block-jetpack-slideshow aligncenter\" data-autoplay=\"true\" data-delay=\"3\" data-effect=\"slide\"><div class=\"wp-block-jetpack-slideshow_container swiper-container\"><ul class=\"wp-block-jetpack-slideshow_swiper-wrapper swiper-wrapper\"><li class=\"wp-block-jetpack-slideshow_slide swiper-slide\"><figure><img data-recalc-dims=\"1\" loading=\"lazy\" decoding=\"async\" width=\"900\" height=\"600\" alt=\"\" class=\"wp-block-jetpack-slideshow_image wp-image-1324\" data-id=\"1324\" src=\"https:\/\/i0.wp.com\/www.photo-somelet.fr\/photobooth\/wp-content\/uploads\/2016\/09\/MK3L2028.jpg?resize=900%2C600\" srcset=\"https:\/\/i0.wp.com\/www.photo-somelet.fr\/photobooth\/wp-content\/uploads\/2016\/09\/MK3L2028.jpg?w=900 900w, https:\/\/i0.wp.com\/www.photo-somelet.fr\/photobooth\/wp-content\/uploads\/2016\/09\/MK3L2028.jpg?resize=300%2C200 300w, https:\/\/i0.wp.com\/www.photo-somelet.fr\/photobooth\/wp-content\/uploads\/2016\/09\/MK3L2028.jpg?resize=768%2C512 768w, https:\/\/i0.wp.com\/www.photo-somelet.fr\/photobooth\/wp-content\/uploads\/2016\/09\/MK3L2028.jpg?resize=90%2C60 90w\" sizes=\"(max-width: 900px) 100vw, 900px\" \/><figcaption class=\"wp-block-jetpack-slideshow_caption gallery-caption\">Photobooth Mini<\/figcaption><\/figure><\/li><li class=\"wp-block-jetpack-slideshow_slide swiper-slide\"><figure><img data-recalc-dims=\"1\" loading=\"lazy\" decoding=\"async\" width=\"900\" height=\"675\" alt=\"\" class=\"wp-block-jetpack-slideshow_image wp-image-1619\" data-id=\"1619\" src=\"https:\/\/i0.wp.com\/www.photo-somelet.fr\/photobooth\/wp-content\/uploads\/2019\/05\/IMG_6564.jpg?resize=900%2C675\" srcset=\"https:\/\/i0.wp.com\/www.photo-somelet.fr\/photobooth\/wp-content\/uploads\/2019\/05\/IMG_6564.jpg?w=900 900w, https:\/\/i0.wp.com\/www.photo-somelet.fr\/photobooth\/wp-content\/uploads\/2019\/05\/IMG_6564.jpg?resize=300%2C225 300w, https:\/\/i0.wp.com\/www.photo-somelet.fr\/photobooth\/wp-content\/uploads\/2019\/05\/IMG_6564.jpg?resize=768%2C576 768w, https:\/\/i0.wp.com\/www.photo-somelet.fr\/photobooth\/wp-content\/uploads\/2019\/05\/IMG_6564.jpg?resize=80%2C60 80w\" sizes=\"(max-width: 900px) 100vw, 900px\" \/><figcaption class=\"wp-block-jetpack-slideshow_caption gallery-caption\">Photobooth Basic<\/figcaption><\/figure><\/li><li class=\"wp-block-jetpack-slideshow_slide swiper-slide\"><figure><img data-recalc-dims=\"1\" loading=\"lazy\" decoding=\"async\" width=\"800\" height=\"800\" alt=\"\" class=\"wp-block-jetpack-slideshow_image wp-image-1061\" data-id=\"1061\" src=\"https:\/\/i0.wp.com\/www.photo-somelet.fr\/photobooth\/wp-content\/uploads\/2015\/10\/IMG_3904.jpg?resize=800%2C800\" srcset=\"https:\/\/i0.wp.com\/www.photo-somelet.fr\/photobooth\/wp-content\/uploads\/2015\/10\/IMG_3904.jpg?w=800 800w, https:\/\/i0.wp.com\/www.photo-somelet.fr\/photobooth\/wp-content\/uploads\/2015\/10\/IMG_3904.jpg?resize=300%2C300 300w, https:\/\/i0.wp.com\/www.photo-somelet.fr\/photobooth\/wp-content\/uploads\/2015\/10\/IMG_3904.jpg?resize=150%2C150 150w, https:\/\/i0.wp.com\/www.photo-somelet.fr\/photobooth\/wp-content\/uploads\/2015\/10\/IMG_3904.jpg?resize=768%2C768 768w, https:\/\/i0.wp.com\/www.photo-somelet.fr\/photobooth\/wp-content\/uploads\/2015\/10\/IMG_3904.jpg?resize=60%2C60 60w\" sizes=\"(max-width: 800px) 100vw, 800px\" \/><figcaption class=\"wp-block-jetpack-slideshow_caption gallery-caption\">Photobooth Premium<\/figcaption><\/figure><\/li><li class=\"wp-block-jetpack-slideshow_slide swiper-slide\"><figure><img data-recalc-dims=\"1\" loading=\"lazy\" decoding=\"async\" width=\"900\" height=\"675\" alt=\"\" class=\"wp-block-jetpack-slideshow_image wp-image-1604\" data-id=\"1604\" src=\"https:\/\/i0.wp.com\/www.photo-somelet.fr\/photobooth\/wp-content\/uploads\/2019\/05\/IMG_6730.jpg?resize=900%2C675\" srcset=\"https:\/\/i0.wp.com\/www.photo-somelet.fr\/photobooth\/wp-content\/uploads\/2019\/05\/IMG_6730.jpg?w=900 900w, https:\/\/i0.wp.com\/www.photo-somelet.fr\/photobooth\/wp-content\/uploads\/2019\/05\/IMG_6730.jpg?resize=300%2C225 300w, https:\/\/i0.wp.com\/www.photo-somelet.fr\/photobooth\/wp-content\/uploads\/2019\/05\/IMG_6730.jpg?resize=768%2C576 768w, https:\/\/i0.wp.com\/www.photo-somelet.fr\/photobooth\/wp-content\/uploads\/2019\/05\/IMG_6730.jpg?resize=80%2C60 80w\" sizes=\"(max-width: 900px) 100vw, 900px\" \/><figcaption class=\"wp-block-jetpack-slideshow_caption gallery-caption\">Photobooth Mini<\/figcaption><\/figure><\/li><li class=\"wp-block-jetpack-slideshow_slide swiper-slide\"><figure><img data-recalc-dims=\"1\" loading=\"lazy\" decoding=\"async\" width=\"900\" height=\"675\" alt=\"\" class=\"wp-block-jetpack-slideshow_image wp-image-1497\" data-id=\"1497\" src=\"https:\/\/i0.wp.com\/www.photo-somelet.fr\/photobooth\/wp-content\/uploads\/2019\/05\/IMG_0317.jpg?resize=900%2C675\" srcset=\"https:\/\/i0.wp.com\/www.photo-somelet.fr\/photobooth\/wp-content\/uploads\/2019\/05\/IMG_0317.jpg?w=900 900w, https:\/\/i0.wp.com\/www.photo-somelet.fr\/photobooth\/wp-content\/uploads\/2019\/05\/IMG_0317.jpg?resize=300%2C225 300w, https:\/\/i0.wp.com\/www.photo-somelet.fr\/photobooth\/wp-content\/uploads\/2019\/05\/IMG_0317.jpg?resize=768%2C576 768w, https:\/\/i0.wp.com\/www.photo-somelet.fr\/photobooth\/wp-content\/uploads\/2019\/05\/IMG_0317.jpg?resize=80%2C60 80w\" sizes=\"(max-width: 900px) 100vw, 900px\" \/><figcaption class=\"wp-block-jetpack-slideshow_caption gallery-caption\">Photobooth Basic<\/figcaption><\/figure><\/li><li class=\"wp-block-jetpack-slideshow_slide swiper-slide\"><figure><img data-recalc-dims=\"1\" loading=\"lazy\" decoding=\"async\" width=\"762\" height=\"508\" alt=\"\" class=\"wp-block-jetpack-slideshow_image wp-image-786\" data-id=\"786\" src=\"https:\/\/i0.wp.com\/www.photo-somelet.fr\/photobooth\/wp-content\/uploads\/2015\/05\/IMG_1093.jpg?resize=762%2C508\" srcset=\"https:\/\/i0.wp.com\/www.photo-somelet.fr\/photobooth\/wp-content\/uploads\/2015\/05\/IMG_1093.jpg?w=762 762w, https:\/\/i0.wp.com\/www.photo-somelet.fr\/photobooth\/wp-content\/uploads\/2015\/05\/IMG_1093.jpg?resize=300%2C200 300w, https:\/\/i0.wp.com\/www.photo-somelet.fr\/photobooth\/wp-content\/uploads\/2015\/05\/IMG_1093.jpg?resize=90%2C60 90w\" sizes=\"(max-width: 762px) 100vw, 762px\" \/><figcaption class=\"wp-block-jetpack-slideshow_caption gallery-caption\">Photobooth Premium<\/figcaption><\/figure><\/li><li class=\"wp-block-jetpack-slideshow_slide swiper-slide\"><figure><img data-recalc-dims=\"1\" loading=\"lazy\" decoding=\"async\" width=\"900\" height=\"600\" alt=\"\" class=\"wp-block-jetpack-slideshow_image wp-image-1683\" data-id=\"1683\" src=\"https:\/\/i0.wp.com\/www.photo-somelet.fr\/photobooth\/wp-content\/uploads\/2019\/09\/MK3L1491.png?resize=900%2C600\" srcset=\"https:\/\/i0.wp.com\/www.photo-somelet.fr\/photobooth\/wp-content\/uploads\/2019\/09\/MK3L1491.png?w=900 900w, https:\/\/i0.wp.com\/www.photo-somelet.fr\/photobooth\/wp-content\/uploads\/2019\/09\/MK3L1491.png?resize=300%2C200 300w, https:\/\/i0.wp.com\/www.photo-somelet.fr\/photobooth\/wp-content\/uploads\/2019\/09\/MK3L1491.png?resize=768%2C512 768w, https:\/\/i0.wp.com\/www.photo-somelet.fr\/photobooth\/wp-content\/uploads\/2019\/09\/MK3L1491.png?resize=90%2C60 90w\" sizes=\"(max-width: 900px) 100vw, 900px\" \/><figcaption class=\"wp-block-jetpack-slideshow_caption gallery-caption\">Photobooth Premium<\/figcaption><\/figure><\/li><li class=\"wp-block-jetpack-slideshow_slide swiper-slide\"><figure><img data-recalc-dims=\"1\" loading=\"lazy\" decoding=\"async\" width=\"900\" height=\"675\" alt=\"\" class=\"wp-block-jetpack-slideshow_image wp-image-1603\" data-id=\"1603\" src=\"https:\/\/i0.wp.com\/www.photo-somelet.fr\/photobooth\/wp-content\/uploads\/2019\/05\/IMG_6141.jpg?resize=900%2C675\" srcset=\"https:\/\/i0.wp.com\/www.photo-somelet.fr\/photobooth\/wp-content\/uploads\/2019\/05\/IMG_6141.jpg?w=900 900w, https:\/\/i0.wp.com\/www.photo-somelet.fr\/photobooth\/wp-content\/uploads\/2019\/05\/IMG_6141.jpg?resize=300%2C225 300w, https:\/\/i0.wp.com\/www.photo-somelet.fr\/photobooth\/wp-content\/uploads\/2019\/05\/IMG_6141.jpg?resize=768%2C576 768w, https:\/\/i0.wp.com\/www.photo-somelet.fr\/photobooth\/wp-content\/uploads\/2019\/05\/IMG_6141.jpg?resize=80%2C60 80w\" sizes=\"(max-width: 900px) 100vw, 900px\" \/><figcaption class=\"wp-block-jetpack-slideshow_caption gallery-caption\">Photobooth Basic<\/figcaption><\/figure><\/li><li class=\"wp-block-jetpack-slideshow_slide swiper-slide\"><figure><img data-recalc-dims=\"1\" loading=\"lazy\" decoding=\"async\" width=\"900\" height=\"675\" alt=\"\" class=\"wp-block-jetpack-slideshow_image wp-image-1588\" data-id=\"1588\" src=\"https:\/\/i0.wp.com\/www.photo-somelet.fr\/photobooth\/wp-content\/uploads\/2019\/05\/IMG_6076.jpg?resize=900%2C675\" srcset=\"https:\/\/i0.wp.com\/www.photo-somelet.fr\/photobooth\/wp-content\/uploads\/2019\/05\/IMG_6076.jpg?w=900 900w, https:\/\/i0.wp.com\/www.photo-somelet.fr\/photobooth\/wp-content\/uploads\/2019\/05\/IMG_6076.jpg?resize=300%2C225 300w, https:\/\/i0.wp.com\/www.photo-somelet.fr\/photobooth\/wp-content\/uploads\/2019\/05\/IMG_6076.jpg?resize=768%2C576 768w, https:\/\/i0.wp.com\/www.photo-somelet.fr\/photobooth\/wp-content\/uploads\/2019\/05\/IMG_6076.jpg?resize=80%2C60 80w\" sizes=\"(max-width: 900px) 100vw, 900px\" \/><figcaption class=\"wp-block-jetpack-slideshow_caption gallery-caption\">Photobooth Premium<\/figcaption><\/figure><\/li><li class=\"wp-block-jetpack-slideshow_slide swiper-slide\"><figure><img data-recalc-dims=\"1\" loading=\"lazy\" decoding=\"async\" width=\"675\" height=\"900\" alt=\"\" class=\"wp-block-jetpack-slideshow_image wp-image-1535\" data-id=\"1535\" src=\"https:\/\/i0.wp.com\/www.photo-somelet.fr\/photobooth\/wp-content\/uploads\/2019\/05\/IMG_8453.jpg?resize=675%2C900\" srcset=\"https:\/\/i0.wp.com\/www.photo-somelet.fr\/photobooth\/wp-content\/uploads\/2019\/05\/IMG_8453.jpg?w=675 675w, https:\/\/i0.wp.com\/www.photo-somelet.fr\/photobooth\/wp-content\/uploads\/2019\/05\/IMG_8453.jpg?resize=225%2C300 225w, https:\/\/i0.wp.com\/www.photo-somelet.fr\/photobooth\/wp-content\/uploads\/2019\/05\/IMG_8453.jpg?resize=45%2C60 45w\" sizes=\"(max-width: 675px) 100vw, 675px\" \/><figcaption class=\"wp-block-jetpack-slideshow_caption gallery-caption\">Photobooth Basic<\/figcaption><\/figure><\/li><li class=\"wp-block-jetpack-slideshow_slide swiper-slide\"><figure><img data-recalc-dims=\"1\" loading=\"lazy\" decoding=\"async\" width=\"900\" height=\"600\" alt=\"\" class=\"wp-block-jetpack-slideshow_image wp-image-1503\" data-id=\"1503\" src=\"https:\/\/i0.wp.com\/www.photo-somelet.fr\/photobooth\/wp-content\/uploads\/2019\/05\/MK3L0143.jpg?resize=900%2C600\" srcset=\"https:\/\/i0.wp.com\/www.photo-somelet.fr\/photobooth\/wp-content\/uploads\/2019\/05\/MK3L0143.jpg?w=900 900w, https:\/\/i0.wp.com\/www.photo-somelet.fr\/photobooth\/wp-content\/uploads\/2019\/05\/MK3L0143.jpg?resize=300%2C200 300w, https:\/\/i0.wp.com\/www.photo-somelet.fr\/photobooth\/wp-content\/uploads\/2019\/05\/MK3L0143.jpg?resize=768%2C512 768w, https:\/\/i0.wp.com\/www.photo-somelet.fr\/photobooth\/wp-content\/uploads\/2019\/05\/MK3L0143.jpg?resize=90%2C60 90w\" sizes=\"(max-width: 900px) 100vw, 900px\" \/><\/figure><\/li><li class=\"wp-block-jetpack-slideshow_slide swiper-slide\"><figure><img data-recalc-dims=\"1\" loading=\"lazy\" decoding=\"async\" width=\"900\" height=\"600\" alt=\"\" class=\"wp-block-jetpack-slideshow_image wp-image-1485\" data-id=\"1485\" src=\"https:\/\/i0.wp.com\/www.photo-somelet.fr\/photobooth\/wp-content\/uploads\/2019\/05\/MK3L9288.jpg?resize=900%2C600\" srcset=\"https:\/\/i0.wp.com\/www.photo-somelet.fr\/photobooth\/wp-content\/uploads\/2019\/05\/MK3L9288.jpg?w=900 900w, https:\/\/i0.wp.com\/www.photo-somelet.fr\/photobooth\/wp-content\/uploads\/2019\/05\/MK3L9288.jpg?resize=300%2C200 300w, https:\/\/i0.wp.com\/www.photo-somelet.fr\/photobooth\/wp-content\/uploads\/2019\/05\/MK3L9288.jpg?resize=768%2C512 768w, https:\/\/i0.wp.com\/www.photo-somelet.fr\/photobooth\/wp-content\/uploads\/2019\/05\/MK3L9288.jpg?resize=90%2C60 90w\" sizes=\"(max-width: 900px) 100vw, 900px\" \/><\/figure><\/li><\/ul><a class=\"wp-block-jetpack-slideshow_button-prev swiper-button-prev swiper-button-white\" role=\"button\"><\/a><a class=\"wp-block-jetpack-slideshow_button-next swiper-button-next swiper-button-white\" role=\"button\"><\/a><a aria-label=\"Pause Slideshow\" class=\"wp-block-jetpack-slideshow_button-pause\" role=\"button\"><\/a><div class=\"wp-block-jetpack-slideshow_pagination swiper-pagination swiper-pagination-white\"><\/div><\/div><\/div>\n<\/div>\n<\/div>\n<\/div><\/div>\n\n\n\n<h4 class=\"has-text-align-left p1 wp-block-heading\"><span class=\"s1\">Toutes les occasions sont bonnes pour passer de bons moments devant\u00a0un \u00a0Photobooth de Patrick Somelet Photographe !\u00a0<\/span><\/h4>\n","protected":false},"excerpt":{"rendered":"<p>Photobooth : Mini, Basic ou Premium. 3 formules au choix. Mise \u00e0 disposition de&nbsp;Photo Booth pour mariages, entreprises, anniversaires, animation, bals de fin d&rsquo;ann\u00e9e, f\u00eates, \u00e9coles et bien d&rsquo;autres pr\u00e9textes encore ! Toutes les occasions sont bonnes pour passer de bons moments devant\u00a0un \u00a0Photobooth de Patrick Somelet Photographe !\u00a0<\/p>\n","protected":false},"author":1,"featured_media":0,"parent":0,"menu_order":0,"comment_status":"closed","ping_status":"open","template":"","meta":{"advanced_seo_description":"","jetpack_seo_html_title":"","jetpack_seo_noindex":false,"footnotes":""},"class_list":["post-325","page","type-page","status-publish","hentry"],"jetpack-related-posts":[],"jetpack_shortlink":"https:\/\/wp.me\/Pdssnp-5f","jetpack_sharing_enabled":true,"_links":{"self":[{"href":"http:\/\/www.photo-somelet.fr\/photobooth\/wp-json\/wp\/v2\/pages\/325","targetHints":{"allow":["GET"]}}],"collection":[{"href":"http:\/\/www.photo-somelet.fr\/photobooth\/wp-json\/wp\/v2\/pages"}],"about":[{"href":"http:\/\/www.photo-somelet.fr\/photobooth\/wp-json\/wp\/v2\/types\/page"}],"author":[{"embeddable":true,"href":"http:\/\/www.photo-somelet.fr\/photobooth\/wp-json\/wp\/v2\/users\/1"}],"replies":[{"embeddable":true,"href":"http:\/\/www.photo-somelet.fr\/photobooth\/wp-json\/wp\/v2\/comments?post=325"}],"version-history":[{"count":30,"href":"http:\/\/www.photo-somelet.fr\/photobooth\/wp-json\/wp\/v2\/pages\/325\/revisions"}],"predecessor-version":[{"id":1801,"href":"http:\/\/www.photo-somelet.fr\/photobooth\/wp-json\/wp\/v2\/pages\/325\/revisions\/1801"}],"wp:attachment":[{"href":"http:\/\/www.photo-somelet.fr\/photobooth\/wp-json\/wp\/v2\/media?parent=325"}],"curies":[{"name":"wp","href":"https:\/\/api.w.org\/{rel}","templated":true}]}}